{"id":214,"date":"2017-03-29T15:28:55","date_gmt":"2017-03-29T15:28:55","guid":{"rendered":"http:\/\/rocktett.de\/?page_id=214"},"modified":"2017-11-13T11:23:20","modified_gmt":"2017-11-13T11:23:20","slug":"media-2","status":"publish","type":"page","link":"http:\/\/Rocktett.de\/?page_id=214","title":{"rendered":"Media"},"content":{"rendered":"<p>Rocking All Over The World\u00a0Tennish\u00fctt Rosenh\u00f6he<\/p>\n<p><iframe loading=\"lazy\" title=\"Rocking All Over The World -Rocktett Band- -Staus Quo-\" width=\"775\" height=\"436\" src=\"https:\/\/www.youtube.com\/embed\/ScAe5Kzu0DI?feature=oembed\" frameborder=\"0\" allow=\"accelerometer; autoplay; clipboard-write; encrypted-media; gyroscope; picture-in-picture\" allowfullscreen><\/iframe><br \/>\n&nbsp;<\/p>\n<p>Rebell Yell &#8211; Billy Idol\u00a0(im F\u00fcrstenkrug)<\/p>\n<div style=\"width: 640px;\" class=\"wp-video\"><!--[if lt IE 9]><script>document.createElement('video');<\/script><![endif]-->\n<video class=\"wp-video-shortcode\" id=\"video-214-1\" width=\"640\" height=\"360\" preload=\"metadata\" controls=\"controls\"><source type=\"video\/mp4\" src=\"http:\/\/rocktett.de\/wp-content\/uploads\/2016\/11\/Rebell-Yell.mp4?_=1\" \/><a href=\"http:\/\/rocktett.de\/wp-content\/uploads\/2016\/11\/Rebell-Yell.mp4\">http:\/\/rocktett.de\/wp-content\/uploads\/2016\/11\/Rebell-Yell.mp4<\/a><\/video><\/div>\n<p>Gimme Shelter (Tennish\u00fctt Rosenh\u00f6he)<\/p>\n<p><iframe loading=\"lazy\" width=\"775\" height=\"436\" src=\"https:\/\/www.youtube.com\/embed\/WZB1hE7Nmk4?feature=oembed\" frameborder=\"0\" gesture=\"media\" allowfullscreen><\/iframe><\/p>\n<p>Johnny B Good <\/p>\n<p><iframe loading=\"lazy\" title=\"Johnny Be Good Chuck Berry Rocktett Band\" width=\"775\" height=\"436\" src=\"https:\/\/www.youtube.com\/embed\/mZlYYi3i13c?feature=oembed\" frameborder=\"0\" allow=\"accelerometer; autoplay; clipboard-write; encrypted-media; gyroscope; picture-in-picture\" allowfullscreen><\/iframe><\/p>\n<p>Jet Airliner- Steve Miller Band\u00a0(im F\u00fcrstenkrug)<\/p>\n<div style=\"width: 640px;\" class=\"wp-video\"><video class=\"wp-video-shortcode\" id=\"video-214-2\" width=\"640\" height=\"360\" preload=\"metadata\" controls=\"controls\"><source type=\"video\/mp4\" src=\"http:\/\/rocktett.de\/wp-content\/uploads\/2016\/11\/Jet-Airliner-Reggie.mp4?_=2\" \/><a href=\"http:\/\/rocktett.de\/wp-content\/uploads\/2016\/11\/Jet-Airliner-Reggie.mp4\">http:\/\/rocktett.de\/wp-content\/uploads\/2016\/11\/Jet-Airliner-Reggie.mp4<\/a><\/video><\/div>\n<p>Bad Case Of Loving You- Robert Palmer\u00a0<\/p>\n<p><iframe loading=\"lazy\" width=\"775\" height=\"436\" src=\"https:\/\/www.youtube.com\/embed\/KW-PliI1VhI?feature=oembed\" frameborder=\"0\" gesture=\"media\" allowfullscreen><\/iframe><\/p>\n<p>11.11.2017 IGBIF Sitzung in Offenbach Bieber<\/p>\n<p>Everybody (Backstree Boys)<\/p>\n<p><iframe loading=\"lazy\" title=\"Everybody Backstreet Boys Rocktett Band\" width=\"775\" height=\"436\" src=\"https:\/\/www.youtube.com\/embed\/tIPTY6bETbM?feature=oembed\" frameborder=\"0\" allow=\"accelerometer; autoplay; clipboard-write; encrypted-media; gyroscope; picture-in-picture\" allowfullscreen><\/iframe><\/p>\n<p>Schwimmen von den Cracker und Honky Tonk Woman von den Rolling Stones im Mix<\/p>\n<p><iframe loading=\"lazy\" title=\"Schwimmen Crackers Rolling Stones Rocktett Band\" width=\"775\" height=\"436\" src=\"https:\/\/www.youtube.com\/embed\/pcMWFbLLCkE?feature=oembed\" frameborder=\"0\" allow=\"accelerometer; autoplay; clipboard-write; encrypted-media; gyroscope; picture-in-picture\" allowfullscreen><\/iframe><\/p>\n<p>Mighty Quinn (Gotthard\/Manfred Mann)<\/p>\n<p><iframe loading=\"lazy\" title=\"Mighty Quinn Gotthard Manfred Man Rocktett Band\" width=\"775\" height=\"436\" src=\"https:\/\/www.youtube.com\/embed\/u3FCV7V_-sU?feature=oembed\" frameborder=\"0\" allow=\"accelerometer; autoplay; clipboard-write; encrypted-media; gyroscope; picture-in-picture\" allowfullscreen><\/iframe><\/p>\n<p>Dancing in the Moonlight (Thin Lizzy)<\/p>\n<p><iframe loading=\"lazy\" title=\"Dancing in the Moonlight Thin Lizzy Rocktett Band\" width=\"775\" height=\"436\" src=\"https:\/\/www.youtube.com\/embed\/XUCO5axhmIU?feature=oembed\" frameborder=\"0\" allow=\"accelerometer; autoplay; clipboard-write; encrypted-media; gyroscope; picture-in-picture\" allowfullscreen><\/iframe><\/p>\n<p>Harder to Breath (Maroon 5)<\/p>\n<p><iframe loading=\"lazy\" title=\"Harder to breath Maroon 5 Rocktett Band\" width=\"775\" height=\"436\" src=\"https:\/\/www.youtube.com\/embed\/A0VCkt70aqk?feature=oembed\" frameborder=\"0\" allow=\"accelerometer; autoplay; clipboard-write; encrypted-media; gyroscope; picture-in-picture\" allowfullscreen><\/iframe><\/p>\n<p>Wahnsinn (Wolfgang Petry) Teil 1<\/p>\n<p>https:\/\/www.youtube.com\/watch?v=6gmqShgYC3E<\/p>\n<p>Wahnsinn (Wolfgang Petry) Teil 2<\/p>\n<p>https:\/\/www.youtube.com\/watch?v=4Dc9I1gH-ug<\/p>\n","protected":false},"excerpt":{"rendered":"<p>Rocking All Over The World\u00a0Tennish\u00fctt Rosenh\u00f6he &nbsp; Rebell Yell &#8211; Billy Idol\u00a0(im F\u00fcrstenkrug) Gimme Shelter (Tennish\u00fctt Rosenh\u00f6he) Johnny B Good Jet Airliner- Steve Miller Band\u00a0(im F\u00fcrstenkrug) Bad&hellip; <span class=\"read-more\"><a class=\"more-link\" href=\"http:\/\/Rocktett.de\/?page_id=214\" rel=\"bookmark\"><span class=\"screen-reader-text\">&#8222;Media&#8220;<\/span> weiterlesen<\/a><\/span><\/p>\n","protected":false},"author":1,"featured_media":0,"parent":0,"menu_order":0,"comment_status":"closed","ping_status":"closed","template":"","meta":{"footnotes":""},"_links":{"self":[{"href":"http:\/\/Rocktett.de\/index.php?rest_route=\/wp\/v2\/pages\/214"}],"collection":[{"href":"http:\/\/Rocktett.de\/index.php?rest_route=\/wp\/v2\/pages"}],"about":[{"href":"http:\/\/Rocktett.de\/index.php?rest_route=\/wp\/v2\/types\/page"}],"author":[{"embeddable":true,"href":"http:\/\/Rocktett.de\/index.php?rest_route=\/wp\/v2\/users\/1"}],"replies":[{"embeddable":true,"href":"http:\/\/Rocktett.de\/index.php?rest_route=%2Fwp%2Fv2%2Fcomments&post=214"}],"version-history":[{"count":30,"href":"http:\/\/Rocktett.de\/index.php?rest_route=\/wp\/v2\/pages\/214\/revisions"}],"predecessor-version":[{"id":647,"href":"http:\/\/Rocktett.de\/index.php?rest_route=\/wp\/v2\/pages\/214\/revisions\/647"}],"wp:attachment":[{"href":"http:\/\/Rocktett.de\/index.php?rest_route=%2Fwp%2Fv2%2Fmedia&parent=214"}],"curies":[{"name":"wp","href":"https:\/\/api.w.org\/{rel}","templated":true}]}}