{"id":213,"date":"2017-03-29T15:28:55","date_gmt":"2017-03-29T15:28:55","guid":{"rendered":"http:\/\/rocktett.de\/?page_id=213"},"modified":"2017-09-20T15:17:41","modified_gmt":"2017-09-20T15:17:41","slug":"kontakt","status":"publish","type":"page","link":"http:\/\/Rocktett.de\/?page_id=213","title":{"rendered":"Kontakt"},"content":{"rendered":"<p>Tobi Bass und Vocals<\/p>\n<p>Info@Rocktett.de<br \/>\nTel 0177 653 5511<\/p>\n<p>Mit Urteil vom 12. Mai 1998 &#8211; 312 O 85\/98 &#8211; &#8222;Haftung f\u00fcr Links&#8220; hat das Landgericht (LG) in Hamburg entschieden, dass man durch die Anbringung eines Links, die Inhalte der gelinkten Seite ggf. mit zu verantworten hat. Dies kann &#8211; so das LG &#8211; nur dadurch verhindert werden, indem man sich ausdr\u00fccklich von diesen Inhalten distanziert.<\/p>\n<p>Hiermit distanziere ich mich ausdr\u00fccklich von allen Inhalten aller gelinkten Seiten.<\/p>\n<p>Der Autor ist bestrebt, in allen Publikationen die Urheberrechte der verwendeten Grafiken, Tondokumente, Videosequenzen und Texte zu beachten, von ihnen selbst erstellte Grafiken, Tondokumente, Videosequenzen und Texte zu nutzen oder auf lizenzfreie Grafiken, Tondokumente, Videosequenzen und Texte zur\u00fcckzugreifen.<\/p>\n<p>Der Autor \u00fcbernimmt keinerlei Gew\u00e4hr f\u00fcr die Aktualit\u00e4t, Korrektheit, Vollst\u00e4ndigkeit oder Qualit\u00e4t der bereitgestellten Informationen. Haftungsanspr\u00fcche gegen den Autor, welche sich auf Sch\u00e4den materieller oder ideeller Art beziehen, die durch die Nutzung oder Nichtnutzung der dargebotenen Informationen bzw. durch die Nutzung fehlerhafter und unvollst\u00e4ndiger Informationen verursacht wurden sind grunds\u00e4tzlich ausgeschlossen, sofern seitens der Autoren kein nachweislich vors\u00e4tzliches oder grob fahrl\u00e4ssiges Verschulden vorliegt.<\/p>\n<p>Datenschutz &#8211; Privacy Policy<\/p>\n<p>Wir, die Band Rocktett, Betreiber der Seite www.rocktett.de, nehme den Schutz Ihrer pers\u00f6nlichen Daten sehr ernst und halte mich strikt an die Regeln der Datenschutzgesetze. Personenbezogene Daten werden auf dieser Webseite nur im technisch notwendigen Umfang erhoben. In keinem Fall werden die erhobenen Daten verkauft oder aus anderen Gr\u00fcnden an Dritte weitergegeben.<\/p>\n<p>Ihr Vertrauen ist mir wichtig. Daher m\u00f6chte ich Ihnen jederzeit Rede und Antwort bez\u00fcglich der Verarbeitung Ihrer personenbezogenen Daten stehen. Wenn Sie Fragen haben, die Ihnen diese Datenschutzerkl\u00e4rung nicht beantworten konnte oder wenn Sie zu einem Punkt vertiefte Informationen w\u00fcnschen, fragen Sie gerne nach.<\/p>\n","protected":false},"excerpt":{"rendered":"<p>Tobi Bass und Vocals Info@Rocktett.de Tel 0177 653 5511 Mit Urteil vom 12. Mai 1998 &#8211; 312 O 85\/98 &#8211; &#8222;Haftung f\u00fcr Links&#8220; hat das Landgericht (LG)&hellip; <span class=\"read-more\"><a class=\"more-link\" href=\"http:\/\/Rocktett.de\/?page_id=213\" rel=\"bookmark\"><span class=\"screen-reader-text\">&#8222;Kontakt&#8220;<\/span> weiterlesen<\/a><\/span><\/p>\n","protected":false},"author":1,"featured_media":0,"parent":0,"menu_order":0,"comment_status":"closed","ping_status":"closed","template":"","meta":{"footnotes":""},"_links":{"self":[{"href":"http:\/\/Rocktett.de\/index.php?rest_route=\/wp\/v2\/pages\/213"}],"collection":[{"href":"http:\/\/Rocktett.de\/index.php?rest_route=\/wp\/v2\/pages"}],"about":[{"href":"http:\/\/Rocktett.de\/index.php?rest_route=\/wp\/v2\/types\/page"}],"author":[{"embeddable":true,"href":"http:\/\/Rocktett.de\/index.php?rest_route=\/wp\/v2\/users\/1"}],"replies":[{"embeddable":true,"href":"http:\/\/Rocktett.de\/index.php?rest_route=%2Fwp%2Fv2%2Fcomments&post=213"}],"version-history":[{"count":9,"href":"http:\/\/Rocktett.de\/index.php?rest_route=\/wp\/v2\/pages\/213\/revisions"}],"predecessor-version":[{"id":626,"href":"http:\/\/Rocktett.de\/index.php?rest_route=\/wp\/v2\/pages\/213\/revisions\/626"}],"wp:attachment":[{"href":"http:\/\/Rocktett.de\/index.php?rest_route=%2Fwp%2Fv2%2Fmedia&parent=213"}],"curies":[{"name":"wp","href":"https:\/\/api.w.org\/{rel}","templated":true}]}}